{"id":373,"date":"2025-06-09T03:18:13","date_gmt":"2025-06-09T03:18:13","guid":{"rendered":"https:\/\/viparlare.mx\/?post_type=product&#038;p=373"},"modified":"2025-06-23T21:43:00","modified_gmt":"2025-06-23T21:43:00","slug":"taller-de-conversacion","status":"publish","type":"product","link":"https:\/\/viparlare.mx\/?product=taller-de-conversacion","title":{"rendered":"Taller de Conversaci\u00f3n"},"content":{"rendered":"<p><strong>\u00a1Deja de estudiar y empieza a hablar!<\/strong><br \/>\nEste taller es el complemento perfecto para mejorar tu fluidez y perder el miedo a expresarte.<\/p>\n<p><strong>Reserva tu cupo ahora y empieza a hablar ingl\u00e9s como siempre quisiste.<\/strong><\/p>\n<p><strong>\u00a1Solo 6 lugares por grupo! \u00a1Inscr\u00edbete antes de que se llenen!<\/strong><\/p>\n","protected":false},"excerpt":{"rendered":"<h3>\u00a1Habla con confianza y fluidez, sin miedo ni bloqueos!<\/h3>\n<p>\u00bfSabes gram\u00e1tica pero a\u00fan te cuesta hablar? Este <strong>Taller de Conversaci\u00f3n<\/strong> es el recurso que te faltaba para <strong>soltarte de verdad<\/strong>.<\/p>\n<p>Dise\u00f1ado para estudiantes de <strong>nivel intermedio en adelante<\/strong>, aqu\u00ed practicar\u00e1s <strong>ingl\u00e9s real, hablado, sin presi\u00f3n y con temas variados<\/strong> cada semana.<\/p>\n<p><strong>Incluye:<\/strong><\/p>\n<ul>\n<li>4 horas al mes (1 hora por semana)<\/li>\n<li>M\u00e1ximo 6 alumnos por grupo (ambiente c\u00f3modo y personalizado)<\/li>\n<li>\u200d Moderado por profesores certificados<\/li>\n<li>Temas nuevos cada semana: viajes, trabajo, cultura, actualidad, etc.<\/li>\n<li>\ufe0f Vocabulario clave traducido y aplicado en cada sesi\u00f3n<\/li>\n<li>Enfoque 100% pr\u00e1ctico y conversacional<\/li>\n<\/ul>\n","protected":false},"featured_media":374,"comment_status":"open","ping_status":"closed","template":"","meta":{"site-sidebar-layout":"default","site-content-layout":"","ast-site-content-layout":"default","site-content-style":"default","site-sidebar-style":"default","ast-global-header-display":"","ast-banner-title-visibility":"","ast-main-header-display":"","ast-hfb-above-header-display":"","ast-hfb-below-header-display":"","ast-hfb-mobile-header-display":"","site-post-title":"","ast-breadcrumbs-content":"","ast-featured-img":"","footer-sml-layout":"","ast-disable-related-posts":"","theme-transparent-header-meta":"default","adv-header-id-meta":"","stick-header-meta":"","header-above-stick-meta":"","header-main-stick-meta":"","header-below-stick-meta":"","astra-migrate-meta-layouts":"set","ast-page-background-enabled":"default","ast-page-background-meta":{"desktop":{"background-color":"var(--ast-global-color-5)","background-image":"","background-repeat":"repeat","background-position":"center center","background-size":"auto","background-attachment":"scroll","background-type":"","background-media":"","overlay-type":"","overlay-color":"","overlay-opacity":"","overlay-gradient":""},"tablet":{"background-color":"","background-image":"","background-repeat":"repeat","background-position":"center center","background-size":"auto","background-attachment":"scroll","background-type":"","background-media":"","overlay-type":"","overlay-color":"","overlay-opacity":"","overlay-gradient":""},"mobile":{"background-color":"","background-image":"","background-repeat":"repeat","background-position":"center center","background-size":"auto","background-attachment":"scroll","background-type":"","background-media":"","overlay-type":"","overlay-color":"","overlay-opacity":"","overlay-gradient":""}},"ast-content-background-meta":{"desktop":{"background-color":"var(--ast-global-color-4)","background-image":"","background-repeat":"repeat","background-position":"center center","background-size":"auto","background-attachment":"scroll","background-type":"","background-media":"","overlay-type":"","overlay-color":"","overlay-opacity":"","overlay-gradient":""},"tablet":{"background-color":"var(--ast-global-color-4)","background-image":"","background-repeat":"repeat","background-position":"center center","background-size":"auto","background-attachment":"scroll","background-type":"","background-media":"","overlay-type":"","overlay-color":"","overlay-opacity":"","overlay-gradient":""},"mobile":{"background-color":"var(--ast-global-color-4)","background-image":"","background-repeat":"repeat","background-position":"center center","background-size":"auto","background-attachment":"scroll","background-type":"","background-media":"","overlay-type":"","overlay-color":"","overlay-opacity":"","overlay-gradient":""}},"_joinchat":[]},"product_brand":[20],"product_cat":[18],"product_tag":[28],"class_list":{"0":"post-373","1":"product","2":"type-product","3":"status-publish","4":"has-post-thumbnail","6":"product_brand-cursos","7":"product_cat-cursos","8":"product_tag-recursos-extra","9":"desktop-align-left","10":"tablet-align-left","11":"mobile-align-left","13":"first","14":"instock","15":"shipping-taxable","16":"purchasable","17":"product-type-simple"},"_links":{"self":[{"href":"https:\/\/viparlare.mx\/index.php?rest_route=\/wp\/v2\/product\/373","targetHints":{"allow":["GET"]}}],"collection":[{"href":"https:\/\/viparlare.mx\/index.php?rest_route=\/wp\/v2\/product"}],"about":[{"href":"https:\/\/viparlare.mx\/index.php?rest_route=\/wp\/v2\/types\/product"}],"replies":[{"embeddable":true,"href":"https:\/\/viparlare.mx\/index.php?rest_route=%2Fwp%2Fv2%2Fcomments&post=373"}],"version-history":[{"count":5,"href":"https:\/\/viparlare.mx\/index.php?rest_route=\/wp\/v2\/product\/373\/revisions"}],"predecessor-version":[{"id":586,"href":"https:\/\/viparlare.mx\/index.php?rest_route=\/wp\/v2\/product\/373\/revisions\/586"}],"wp:featuredmedia":[{"embeddable":true,"href":"https:\/\/viparlare.mx\/index.php?rest_route=\/wp\/v2\/media\/374"}],"wp:attachment":[{"href":"https:\/\/viparlare.mx\/index.php?rest_route=%2Fwp%2Fv2%2Fmedia&parent=373"}],"wp:term":[{"taxonomy":"product_brand","embeddable":true,"href":"https:\/\/viparlare.mx\/index.php?rest_route=%2Fwp%2Fv2%2Fproduct_brand&post=373"},{"taxonomy":"product_cat","embeddable":true,"href":"https:\/\/viparlare.mx\/index.php?rest_route=%2Fwp%2Fv2%2Fproduct_cat&post=373"},{"taxonomy":"product_tag","embeddable":true,"href":"https:\/\/viparlare.mx\/index.php?rest_route=%2Fwp%2Fv2%2Fproduct_tag&post=373"}],"curies":[{"name":"wp","href":"https:\/\/api.w.org\/{rel}","templated":true}]}}