{"id":26,"date":"2025-02-18T00:43:06","date_gmt":"2025-02-18T00:43:06","guid":{"rendered":"https:\/\/viparlare.mx\/?post_type=product&#038;p=26"},"modified":"2025-06-23T18:33:28","modified_gmt":"2025-06-23T18:33:28","slug":"ingles-para-negocios","status":"publish","type":"product","link":"https:\/\/viparlare.mx\/?product=ingles-para-negocios","title":{"rendered":"Ingl\u00e9s para Negocios"},"content":{"rendered":"<div class=\"mt-4 flex justify-center\">\n<ul>\n<li><strong>\u00a1El ingl\u00e9s ya no es un lujo, es una herramienta profesional!<\/strong><br \/>\n<strong>Inscr\u00edbete hoy y recibe una sesi\u00f3n personalizada de preparaci\u00f3n para entrevistas.<\/strong><\/li>\n<\/ul>\n<p> Agrega al carrito y mejora tu perfil profesional desde el primer d\u00eda.<\/p>\n<\/div>\n","protected":false},"excerpt":{"rendered":"<h3> \u00a1S\u00fabete al nivel profesional y mejora tu futuro laboral!<\/h3>\n<p>\u00bfTe cuesta comunicarte en entrevistas, reuniones o situaciones laborales en ingl\u00e9s?<br \/>\nCon nuestro <strong>Curso de Ingl\u00e9s para Negocios<\/strong> dominar\u00e1s el lenguaje del mundo corporativo y aumentar\u00e1s tus oportunidades de empleo, ascenso y networking global.<\/p>\n<p> <strong>Incluye:<\/strong><\/p>\n<ul>\n<li> 16 horas al mes (4 horas por semana)<\/li>\n<li> Clases did\u00e1cticas con enfoque laboral y profesional<\/li>\n<li> Actividades din\u00e1micas y ejercicios pr\u00e1cticos<\/li>\n<li> Simulaciones de situaciones reales con audios en ingles Americano<\/li>\n<li> Material enfocado en negocios, hablar en la oficina y frases de trabajo avanzadas<\/li>\n<li> BONUS PDF: Gu\u00eda pr\u00e1ctica en PDF con todos los <strong>tiempos verbales en ingl\u00e9s <\/strong>al iniciar tu curso.<\/li>\n<\/ul>\n","protected":false},"featured_media":61,"comment_status":"open","ping_status":"closed","template":"","meta":{"site-sidebar-layout":"default","site-content-layout":"","ast-site-content-layout":"default","site-content-style":"default","site-sidebar-style":"default","ast-global-header-display":"","ast-banner-title-visibility":"","ast-main-header-display":"","ast-hfb-above-header-display":"","ast-hfb-below-header-display":"","ast-hfb-mobile-header-display":"","site-post-title":"","ast-breadcrumbs-content":"","ast-featured-img":"","footer-sml-layout":"","ast-disable-related-posts":"","theme-transparent-header-meta":"default","adv-header-id-meta":"","stick-header-meta":"","header-above-stick-meta":"","header-main-stick-meta":"","header-below-stick-meta":"","astra-migrate-meta-layouts":"set","ast-page-background-enabled":"default","ast-page-background-meta":{"desktop":{"background-color":"var(--ast-global-color-5)","background-image":"","background-repeat":"repeat","background-position":"center center","background-size":"auto","background-attachment":"scroll","background-type":"","background-media":"","overlay-type":"","overlay-color":"","overlay-opacity":"","overlay-gradient":""},"tablet":{"background-color":"","background-image":"","background-repeat":"repeat","background-position":"center center","background-size":"auto","background-attachment":"scroll","background-type":"","background-media":"","overlay-type":"","overlay-color":"","overlay-opacity":"","overlay-gradient":""},"mobile":{"background-color":"","background-image":"","background-repeat":"repeat","background-position":"center center","background-size":"auto","background-attachment":"scroll","background-type":"","background-media":"","overlay-type":"","overlay-color":"","overlay-opacity":"","overlay-gradient":""}},"ast-content-background-meta":{"desktop":{"background-color":"var(--ast-global-color-4)","background-image":"","background-repeat":"repeat","background-position":"center center","background-size":"auto","background-attachment":"scroll","background-type":"","background-media":"","overlay-type":"","overlay-color":"","overlay-opacity":"","overlay-gradient":""},"tablet":{"background-color":"var(--ast-global-color-4)","background-image":"","background-repeat":"repeat","background-position":"center center","background-size":"auto","background-attachment":"scroll","background-type":"","background-media":"","overlay-type":"","overlay-color":"","overlay-opacity":"","overlay-gradient":""},"mobile":{"background-color":"var(--ast-global-color-4)","background-image":"","background-repeat":"repeat","background-position":"center center","background-size":"auto","background-attachment":"scroll","background-type":"","background-media":"","overlay-type":"","overlay-color":"","overlay-opacity":"","overlay-gradient":""}},"_joinchat":[]},"product_brand":[20],"product_cat":[18,29],"product_tag":[],"class_list":{"0":"post-26","1":"product","2":"type-product","3":"status-publish","4":"has-post-thumbnail","6":"product_brand-cursos","7":"product_cat-cursos","8":"product_cat-cursos-online","9":"desktop-align-left","10":"tablet-align-left","11":"mobile-align-left","13":"first","14":"instock","15":"shipping-taxable","16":"purchasable","17":"product-type-simple"},"_links":{"self":[{"href":"https:\/\/viparlare.mx\/index.php?rest_route=\/wp\/v2\/product\/26","targetHints":{"allow":["GET"]}}],"collection":[{"href":"https:\/\/viparlare.mx\/index.php?rest_route=\/wp\/v2\/product"}],"about":[{"href":"https:\/\/viparlare.mx\/index.php?rest_route=\/wp\/v2\/types\/product"}],"replies":[{"embeddable":true,"href":"https:\/\/viparlare.mx\/index.php?rest_route=%2Fwp%2Fv2%2Fcomments&post=26"}],"version-history":[{"count":3,"href":"https:\/\/viparlare.mx\/index.php?rest_route=\/wp\/v2\/product\/26\/revisions"}],"predecessor-version":[{"id":564,"href":"https:\/\/viparlare.mx\/index.php?rest_route=\/wp\/v2\/product\/26\/revisions\/564"}],"wp:featuredmedia":[{"embeddable":true,"href":"https:\/\/viparlare.mx\/index.php?rest_route=\/wp\/v2\/media\/61"}],"wp:attachment":[{"href":"https:\/\/viparlare.mx\/index.php?rest_route=%2Fwp%2Fv2%2Fmedia&parent=26"}],"wp:term":[{"taxonomy":"product_brand","embeddable":true,"href":"https:\/\/viparlare.mx\/index.php?rest_route=%2Fwp%2Fv2%2Fproduct_brand&post=26"},{"taxonomy":"product_cat","embeddable":true,"href":"https:\/\/viparlare.mx\/index.php?rest_route=%2Fwp%2Fv2%2Fproduct_cat&post=26"},{"taxonomy":"product_tag","embeddable":true,"href":"https:\/\/viparlare.mx\/index.php?rest_route=%2Fwp%2Fv2%2Fproduct_tag&post=26"}],"curies":[{"name":"wp","href":"https:\/\/api.w.org\/{rel}","templated":true}]}}