{"id":24,"date":"2025-02-18T00:40:36","date_gmt":"2025-02-18T00:40:36","guid":{"rendered":"https:\/\/viparlare.mx\/?post_type=product&#038;p=24"},"modified":"2025-06-23T18:31:24","modified_gmt":"2025-06-23T18:31:24","slug":"ingles-para-viajes","status":"publish","type":"product","link":"https:\/\/viparlare.mx\/?product=ingles-para-viajes","title":{"rendered":"Ingl\u00e9s para viajes"},"content":{"rendered":"<p><strong>\u00a1Viaja como un ciudadano del mundo, no como un turista confundido!<\/strong><br \/>\n<strong>Inscr\u00edbete hoy y recibe un CLASE GRATIS: \u201cIngl\u00e9s para reservar un hotel\u201d<\/strong><\/p>\n<p>Haz clic en \u201cAgregar al carrito\u201d y prep\u00e1rate para tu pr\u00f3ximo viaje sin miedo.<\/p>\n","protected":false},"excerpt":{"rendered":"<h3>\u00a0 \u00a1Viaja sin miedo, sin barreras y sin necesidad de traductor!<\/h3>\n<p>\u00bfTe estresas en aeropuertos, hoteles o restaurantes por no hablar ingl\u00e9s?<br \/>\nCon nuestro <strong>Curso de Ingl\u00e9s para Viajes<\/strong>, dominar\u00e1s el vocabulario, frases clave y situaciones reales que necesitas para <strong>disfrutar cualquier destino del mundo<\/strong> con confianza.<\/p>\n<p><strong>Incluye:<\/strong><\/p>\n<ul>\n<li>16 horas al mes (4 horas por semana)<\/li>\n<li>\u2708\ufe0f Clases did\u00e1cticas con simulaciones de situaciones de viajes reales<\/li>\n<li>Di\u00e1logos pr\u00e1cticos: aeropuerto, hotel, compras, comida<\/li>\n<li>PDF con frases esenciales + materiales de apoyo<\/li>\n<li>BONUS GRATIS: Gu\u00eda pr\u00e1ctica en PDF con todos los <strong>tiempos verbales en ingl\u00e9s <\/strong>al iniciar tu curso.<\/li>\n<\/ul>\n","protected":false},"featured_media":63,"comment_status":"open","ping_status":"closed","template":"","meta":{"site-sidebar-layout":"default","site-content-layout":"","ast-site-content-layout":"default","site-content-style":"default","site-sidebar-style":"default","ast-global-header-display":"","ast-banner-title-visibility":"","ast-main-header-display":"","ast-hfb-above-header-display":"","ast-hfb-below-header-display":"","ast-hfb-mobile-header-display":"","site-post-title":"","ast-breadcrumbs-content":"","ast-featured-img":"","footer-sml-layout":"","ast-disable-related-posts":"","theme-transparent-header-meta":"default","adv-header-id-meta":"","stick-header-meta":"","header-above-stick-meta":"","header-main-stick-meta":"","header-below-stick-meta":"","astra-migrate-meta-layouts":"set","ast-page-background-enabled":"default","ast-page-background-meta":{"desktop":{"background-color":"var(--ast-global-color-5)","background-image":"","background-repeat":"repeat","background-position":"center center","background-size":"auto","background-attachment":"scroll","background-type":"","background-media":"","overlay-type":"","overlay-color":"","overlay-opacity":"","overlay-gradient":""},"tablet":{"background-color":"","background-image":"","background-repeat":"repeat","background-position":"center center","background-size":"auto","background-attachment":"scroll","background-type":"","background-media":"","overlay-type":"","overlay-color":"","overlay-opacity":"","overlay-gradient":""},"mobile":{"background-color":"","background-image":"","background-repeat":"repeat","background-position":"center center","background-size":"auto","background-attachment":"scroll","background-type":"","background-media":"","overlay-type":"","overlay-color":"","overlay-opacity":"","overlay-gradient":""}},"ast-content-background-meta":{"desktop":{"background-color":"var(--ast-global-color-4)","background-image":"","background-repeat":"repeat","background-position":"center center","background-size":"auto","background-attachment":"scroll","background-type":"","background-media":"","overlay-type":"","overlay-color":"","overlay-opacity":"","overlay-gradient":""},"tablet":{"background-color":"var(--ast-global-color-4)","background-image":"","background-repeat":"repeat","background-position":"center center","background-size":"auto","background-attachment":"scroll","background-type":"","background-media":"","overlay-type":"","overlay-color":"","overlay-opacity":"","overlay-gradient":""},"mobile":{"background-color":"var(--ast-global-color-4)","background-image":"","background-repeat":"repeat","background-position":"center center","background-size":"auto","background-attachment":"scroll","background-type":"","background-media":"","overlay-type":"","overlay-color":"","overlay-opacity":"","overlay-gradient":""}},"_joinchat":[]},"product_brand":[],"product_cat":[18],"product_tag":[],"class_list":{"0":"post-24","1":"product","2":"type-product","3":"status-publish","4":"has-post-thumbnail","6":"product_cat-cursos","7":"desktop-align-left","8":"tablet-align-left","9":"mobile-align-left","11":"first","12":"instock","13":"shipping-taxable","14":"purchasable","15":"product-type-simple"},"_links":{"self":[{"href":"https:\/\/viparlare.mx\/index.php?rest_route=\/wp\/v2\/product\/24","targetHints":{"allow":["GET"]}}],"collection":[{"href":"https:\/\/viparlare.mx\/index.php?rest_route=\/wp\/v2\/product"}],"about":[{"href":"https:\/\/viparlare.mx\/index.php?rest_route=\/wp\/v2\/types\/product"}],"replies":[{"embeddable":true,"href":"https:\/\/viparlare.mx\/index.php?rest_route=%2Fwp%2Fv2%2Fcomments&post=24"}],"version-history":[{"count":8,"href":"https:\/\/viparlare.mx\/index.php?rest_route=\/wp\/v2\/product\/24\/revisions"}],"predecessor-version":[{"id":563,"href":"https:\/\/viparlare.mx\/index.php?rest_route=\/wp\/v2\/product\/24\/revisions\/563"}],"wp:featuredmedia":[{"embeddable":true,"href":"https:\/\/viparlare.mx\/index.php?rest_route=\/wp\/v2\/media\/63"}],"wp:attachment":[{"href":"https:\/\/viparlare.mx\/index.php?rest_route=%2Fwp%2Fv2%2Fmedia&parent=24"}],"wp:term":[{"taxonomy":"product_brand","embeddable":true,"href":"https:\/\/viparlare.mx\/index.php?rest_route=%2Fwp%2Fv2%2Fproduct_brand&post=24"},{"taxonomy":"product_cat","embeddable":true,"href":"https:\/\/viparlare.mx\/index.php?rest_route=%2Fwp%2Fv2%2Fproduct_cat&post=24"},{"taxonomy":"product_tag","embeddable":true,"href":"https:\/\/viparlare.mx\/index.php?rest_route=%2Fwp%2Fv2%2Fproduct_tag&post=24"}],"curies":[{"name":"wp","href":"https:\/\/api.w.org\/{rel}","templated":true}]}}