{"id":20,"date":"2025-02-18T00:31:17","date_gmt":"2025-02-18T00:31:17","guid":{"rendered":"https:\/\/viparlare.mx\/?post_type=product&#038;p=20"},"modified":"2025-06-23T18:52:02","modified_gmt":"2025-06-23T18:52:02","slug":"cursos-de-ingles-intermedios","status":"publish","type":"product","link":"https:\/\/viparlare.mx\/?product=cursos-de-ingles-intermedios","title":{"rendered":"Cursos de ingl\u00e9s intermedio"},"content":{"rendered":"\t\t<div data-elementor-type=\"product-post\" data-elementor-id=\"20\" class=\"elementor elementor-20\" data-elementor-post-type=\"product\">\n\t\t\t\t<div class=\"elementor-element elementor-element-5777b2dd e-con-full e-flex e-con e-parent\" data-id=\"5777b2dd\" data-element_type=\"container\" data-e-type=\"container\">\n\t\t\t\t<div class=\"elementor-element elementor-element-27d0b470 elementor-widget__width-initial elementor-widget elementor-widget-text-editor\" data-id=\"27d0b470\" data-element_type=\"widget\" data-e-type=\"widget\" data-widget_type=\"text-editor.default\">\n\t\t\t\t<div class=\"elementor-widget-container\">\n\t\t\t\t\t\t\t\t\t<h5><strong><span style=\"color: #333399;\">\u00a1Avanza de verdad! Domina el ingl\u00e9s conversacional desde tu casa y cambia tu historia para siempre!<\/span><\/strong><\/h5><h5><span style=\"color: #000000;\"><strong>Inscr\u00edbete hoy y obt\u00e9n una \u00bb clase muestra gratis \u00bb + acceso inmediato.<\/strong><\/span><\/h5><p><span style=\"color: #000000;\">\ud83d\udc49 <strong>Haz clic en \u201cAgregar al carrito\u201d y da el siguiente paso.<\/strong><\/span><br \/><span style=\"color: #000000;\"><strong>Tu ingl\u00e9s intermedio te abre puertas reales.<\/strong><\/span><\/p>\t\t\t\t\t\t\t\t<\/div>\n\t\t\t\t<\/div>\n\t\t\t\t<\/div>\n\t\t<div class=\"elementor-element elementor-element-9072ae3 e-flex e-con-boxed e-con e-parent\" data-id=\"9072ae3\" data-element_type=\"container\" data-e-type=\"container\">\n\t\t\t\t\t<div class=\"e-con-inner\">\n\t\t\t\t\t<\/div>\n\t\t\t\t<\/div>\n\t\t\t\t<\/div>\n\t\t","protected":false},"excerpt":{"rendered":"<h3> \u00a1Rompe la barrera del idioma y empieza a expresarte con confianza!<\/h3>\n<p>\u00bfSabes lo b\u00e1sico pero te trabas al hablar? Es momento de avanzar.<br \/>\nCon nuestro <strong>Curso Intermedio de Ingl\u00e9s<\/strong>, llevar\u00e1s tu fluidez al siguiente nivel. Ideal para quienes quieren dejar de traducir mentalmente y comenzar a pensar en ingl\u00e9s.<\/p>\n<p> <strong>Incluye:<\/strong><\/p>\n<ul>\n<li>\n<ul>\n<li> 16 horas al mes (4 horas por semana)<\/li>\n<\/ul>\n<ul>\n<li>\u200d Clases personalizadas 6 alumnos, din\u00e1micas y 100% pr\u00e1cticas<\/li>\n<\/ul>\n<ul>\n<li>\ufe0f Libro intermedio incluido + Materiales descargables<\/li>\n<li> Audios y videos en ingl\u00e9s Brit\u00e1nico y Americano<\/li>\n<\/ul>\n<ul>\n<li> BONUS GRATIS: Gu\u00eda pr\u00e1ctica en PDF con todos los <strong>tiempos verbales en ingl\u00e9s <\/strong>al iniciar tu curso.<\/li>\n<\/ul>\n<\/li>\n<\/ul>\n","protected":false},"featured_media":71,"comment_status":"open","ping_status":"closed","template":"","meta":{"site-sidebar-layout":"default","site-content-layout":"","ast-site-content-layout":"default","site-content-style":"default","site-sidebar-style":"default","ast-global-header-display":"","ast-banner-title-visibility":"","ast-main-header-display":"","ast-hfb-above-header-display":"","ast-hfb-below-header-display":"","ast-hfb-mobile-header-display":"","site-post-title":"","ast-breadcrumbs-content":"","ast-featured-img":"","footer-sml-layout":"","ast-disable-related-posts":"","theme-transparent-header-meta":"default","adv-header-id-meta":"","stick-header-meta":"","header-above-stick-meta":"","header-main-stick-meta":"","header-below-stick-meta":"","astra-migrate-meta-layouts":"set","ast-page-background-enabled":"default","ast-page-background-meta":{"desktop":{"background-color":"var(--ast-global-color-5)","background-image":"","background-repeat":"repeat","background-position":"center center","background-size":"auto","background-attachment":"scroll","background-type":"","background-media":"","overlay-type":"","overlay-color":"","overlay-opacity":"","overlay-gradient":""},"tablet":{"background-color":"","background-image":"","background-repeat":"repeat","background-position":"center center","background-size":"auto","background-attachment":"scroll","background-type":"","background-media":"","overlay-type":"","overlay-color":"","overlay-opacity":"","overlay-gradient":""},"mobile":{"background-color":"","background-image":"","background-repeat":"repeat","background-position":"center center","background-size":"auto","background-attachment":"scroll","background-type":"","background-media":"","overlay-type":"","overlay-color":"","overlay-opacity":"","overlay-gradient":""}},"ast-content-background-meta":{"desktop":{"background-color":"var(--ast-global-color-4)","background-image":"","background-repeat":"repeat","background-position":"center center","background-size":"auto","background-attachment":"scroll","background-type":"","background-media":"","overlay-type":"","overlay-color":"","overlay-opacity":"","overlay-gradient":""},"tablet":{"background-color":"var(--ast-global-color-4)","background-image":"","background-repeat":"repeat","background-position":"center center","background-size":"auto","background-attachment":"scroll","background-type":"","background-media":"","overlay-type":"","overlay-color":"","overlay-opacity":"","overlay-gradient":""},"mobile":{"background-color":"var(--ast-global-color-4)","background-image":"","background-repeat":"repeat","background-position":"center center","background-size":"auto","background-attachment":"scroll","background-type":"","background-media":"","overlay-type":"","overlay-color":"","overlay-opacity":"","overlay-gradient":""}},"_joinchat":[]},"product_brand":[20],"product_cat":[18],"product_tag":[],"class_list":{"0":"post-20","1":"product","2":"type-product","3":"status-publish","4":"has-post-thumbnail","6":"product_brand-cursos","7":"product_cat-cursos","8":"desktop-align-left","9":"tablet-align-left","10":"mobile-align-left","12":"first","13":"instock","14":"shipping-taxable","15":"purchasable","16":"product-type-simple"},"_links":{"self":[{"href":"https:\/\/viparlare.mx\/index.php?rest_route=\/wp\/v2\/product\/20","targetHints":{"allow":["GET"]}}],"collection":[{"href":"https:\/\/viparlare.mx\/index.php?rest_route=\/wp\/v2\/product"}],"about":[{"href":"https:\/\/viparlare.mx\/index.php?rest_route=\/wp\/v2\/types\/product"}],"replies":[{"embeddable":true,"href":"https:\/\/viparlare.mx\/index.php?rest_route=%2Fwp%2Fv2%2Fcomments&post=20"}],"version-history":[{"count":8,"href":"https:\/\/viparlare.mx\/index.php?rest_route=\/wp\/v2\/product\/20\/revisions"}],"predecessor-version":[{"id":570,"href":"https:\/\/viparlare.mx\/index.php?rest_route=\/wp\/v2\/product\/20\/revisions\/570"}],"wp:featuredmedia":[{"embeddable":true,"href":"https:\/\/viparlare.mx\/index.php?rest_route=\/wp\/v2\/media\/71"}],"wp:attachment":[{"href":"https:\/\/viparlare.mx\/index.php?rest_route=%2Fwp%2Fv2%2Fmedia&parent=20"}],"wp:term":[{"taxonomy":"product_brand","embeddable":true,"href":"https:\/\/viparlare.mx\/index.php?rest_route=%2Fwp%2Fv2%2Fproduct_brand&post=20"},{"taxonomy":"product_cat","embeddable":true,"href":"https:\/\/viparlare.mx\/index.php?rest_route=%2Fwp%2Fv2%2Fproduct_cat&post=20"},{"taxonomy":"product_tag","embeddable":true,"href":"https:\/\/viparlare.mx\/index.php?rest_route=%2Fwp%2Fv2%2Fproduct_tag&post=20"}],"curies":[{"name":"wp","href":"https:\/\/api.w.org\/{rel}","templated":true}]}}