{"id":16,"date":"2025-02-17T23:49:38","date_gmt":"2025-02-17T23:49:38","guid":{"rendered":"https:\/\/viparlare.mx\/?post_type=product&#038;p=16"},"modified":"2025-06-23T18:24:07","modified_gmt":"2025-06-23T18:24:07","slug":"cursos-de-ingles-avanzados","status":"publish","type":"product","link":"https:\/\/viparlare.mx\/?product=cursos-de-ingles-avanzados","title":{"rendered":"Cursos de ingl\u00e9s avanzados"},"content":{"rendered":"\t\t<div data-elementor-type=\"product-post\" data-elementor-id=\"16\" class=\"elementor elementor-16\" data-elementor-post-type=\"product\">\n\t\t\t\t<div class=\"elementor-element elementor-element-543e7f42 e-flex e-con-boxed e-con e-parent\" data-id=\"543e7f42\" data-element_type=\"container\" data-e-type=\"container\">\n\t\t\t\t\t<div class=\"e-con-inner\">\n\t\t\t\t<div class=\"elementor-element elementor-element-55dd5756 elementor-widget elementor-widget-text-editor\" data-id=\"55dd5756\" data-element_type=\"widget\" data-e-type=\"widget\" data-widget_type=\"text-editor.default\">\n\t\t\t\t<div class=\"elementor-widget-container\">\n\t\t\t\t\t\t\t\t\t<p><span style=\"color: #333399;\"><strong>\u00a1Este curso no es para cualquiera\u2026 es para los que quieren destacar!<\/strong><\/span><br \/><span style=\"color: #333399;\"><strong>Inscr\u00edbete ahora y recibe una clase privada de coaching en ingl\u00e9s GRATIS.<\/strong><\/span><\/p><p><span style=\"color: #000000;\"><strong>\ud83d\udc49 Agrega al carrito y lleva tu ingl\u00e9s al nivel de un hablante experto.<\/strong><\/span><br \/><span style=\"color: #333399;\"><strong><span style=\"color: #000000;\">\u00bfEst\u00e1s listo para sonar<\/span> como un nativo?<\/strong><\/span><\/p>\t\t\t\t\t\t\t\t<\/div>\n\t\t\t\t<\/div>\n\t\t\t\t\t<\/div>\n\t\t\t\t<\/div>\n\t\t\t\t<\/div>\n\t\t","protected":false},"excerpt":{"rendered":"<h3>\u00a1Habla como un profesional! Domina el ingl\u00e9s que cambia carreras.<\/h3>\n<p>Ya tienes una base s\u00f3lida, pero a\u00fan no te sientes <strong>100% fluido<\/strong>.<br \/>\nEste <strong>Curso Avanzado<\/strong> es para ti: fluidez, precisi\u00f3n y confianza para <strong>entrevistas, negocios, viajes o certificaciones internacionales<\/strong>.<\/p>\n<p><strong>Incluye:<\/strong><\/p>\n<ul>\n<li>16 horas al mes (4 horas por semana)<\/li>\n<li>\u200d Clases personalizadas 6 alumnos, din\u00e1micas y 100% pr\u00e1cticas<\/li>\n<li>Videos y conversaciones avanzadas<\/li>\n<li>Libro avanzado + materiales descargables<\/li>\n<\/ul>\n<ul>\n<li><strong>BONO GRATIS:<\/strong> Gu\u00eda pr\u00e1ctica en PDF con todos los <strong>tiempos verbales en ingl\u00e9s <\/strong>al iniciar tu curso.<\/li>\n<\/ul>\n","protected":false},"featured_media":52,"comment_status":"open","ping_status":"closed","template":"","meta":{"site-sidebar-layout":"default","site-content-layout":"","ast-site-content-layout":"default","site-content-style":"default","site-sidebar-style":"default","ast-global-header-display":"","ast-banner-title-visibility":"","ast-main-header-display":"","ast-hfb-above-header-display":"","ast-hfb-below-header-display":"","ast-hfb-mobile-header-display":"","site-post-title":"","ast-breadcrumbs-content":"","ast-featured-img":"","footer-sml-layout":"","ast-disable-related-posts":"","theme-transparent-header-meta":"default","adv-header-id-meta":"","stick-header-meta":"","header-above-stick-meta":"","header-main-stick-meta":"","header-below-stick-meta":"","astra-migrate-meta-layouts":"set","ast-page-background-enabled":"default","ast-page-background-meta":{"desktop":{"background-color":"var(--ast-global-color-5)","background-image":"","background-repeat":"repeat","background-position":"center center","background-size":"auto","background-attachment":"scroll","background-type":"","background-media":"","overlay-type":"","overlay-color":"","overlay-opacity":"","overlay-gradient":""},"tablet":{"background-color":"","background-image":"","background-repeat":"repeat","background-position":"center center","background-size":"auto","background-attachment":"scroll","background-type":"","background-media":"","overlay-type":"","overlay-color":"","overlay-opacity":"","overlay-gradient":""},"mobile":{"background-color":"","background-image":"","background-repeat":"repeat","background-position":"center center","background-size":"auto","background-attachment":"scroll","background-type":"","background-media":"","overlay-type":"","overlay-color":"","overlay-opacity":"","overlay-gradient":""}},"ast-content-background-meta":{"desktop":{"background-color":"var(--ast-global-color-4)","background-image":"","background-repeat":"repeat","background-position":"center center","background-size":"auto","background-attachment":"scroll","background-type":"","background-media":"","overlay-type":"","overlay-color":"","overlay-opacity":"","overlay-gradient":""},"tablet":{"background-color":"var(--ast-global-color-4)","background-image":"","background-repeat":"repeat","background-position":"center center","background-size":"auto","background-attachment":"scroll","background-type":"","background-media":"","overlay-type":"","overlay-color":"","overlay-opacity":"","overlay-gradient":""},"mobile":{"background-color":"var(--ast-global-color-4)","background-image":"","background-repeat":"repeat","background-position":"center center","background-size":"auto","background-attachment":"scroll","background-type":"","background-media":"","overlay-type":"","overlay-color":"","overlay-opacity":"","overlay-gradient":""}},"_joinchat":[]},"product_brand":[20],"product_cat":[18],"product_tag":[],"class_list":{"0":"post-16","1":"product","2":"type-product","3":"status-publish","4":"has-post-thumbnail","6":"product_brand-cursos","7":"product_cat-cursos","8":"desktop-align-left","9":"tablet-align-left","10":"mobile-align-left","12":"first","13":"instock","14":"shipping-taxable","15":"purchasable","16":"product-type-simple"},"_links":{"self":[{"href":"https:\/\/viparlare.mx\/index.php?rest_route=\/wp\/v2\/product\/16","targetHints":{"allow":["GET"]}}],"collection":[{"href":"https:\/\/viparlare.mx\/index.php?rest_route=\/wp\/v2\/product"}],"about":[{"href":"https:\/\/viparlare.mx\/index.php?rest_route=\/wp\/v2\/types\/product"}],"replies":[{"embeddable":true,"href":"https:\/\/viparlare.mx\/index.php?rest_route=%2Fwp%2Fv2%2Fcomments&post=16"}],"version-history":[{"count":5,"href":"https:\/\/viparlare.mx\/index.php?rest_route=\/wp\/v2\/product\/16\/revisions"}],"predecessor-version":[{"id":557,"href":"https:\/\/viparlare.mx\/index.php?rest_route=\/wp\/v2\/product\/16\/revisions\/557"}],"wp:featuredmedia":[{"embeddable":true,"href":"https:\/\/viparlare.mx\/index.php?rest_route=\/wp\/v2\/media\/52"}],"wp:attachment":[{"href":"https:\/\/viparlare.mx\/index.php?rest_route=%2Fwp%2Fv2%2Fmedia&parent=16"}],"wp:term":[{"taxonomy":"product_brand","embeddable":true,"href":"https:\/\/viparlare.mx\/index.php?rest_route=%2Fwp%2Fv2%2Fproduct_brand&post=16"},{"taxonomy":"product_cat","embeddable":true,"href":"https:\/\/viparlare.mx\/index.php?rest_route=%2Fwp%2Fv2%2Fproduct_cat&post=16"},{"taxonomy":"product_tag","embeddable":true,"href":"https:\/\/viparlare.mx\/index.php?rest_route=%2Fwp%2Fv2%2Fproduct_tag&post=16"}],"curies":[{"name":"wp","href":"https:\/\/api.w.org\/{rel}","templated":true}]}}